{"id":17,"date":"2016-11-03T15:19:05","date_gmt":"2016-11-03T15:19:05","guid":{"rendered":"http:\/\/translogic.dv.themerex.net\/?page_id=17"},"modified":"2024-07-25T14:28:59","modified_gmt":"2024-07-25T19:28:59","slug":"nuestra-empresa","status":"publish","type":"page","link":"https:\/\/www2.pasoc.pe\/index.php\/nuestra-empresa\/","title":{"rendered":"Empresa"},"content":{"rendered":"<p>[vc_row][vc_column][vc_single_image image=\u00bb2021&#8243; img_size=\u00bblarge\u00bb alignment=\u00bbcenter\u00bb][\/vc_column][\/vc_row][vc_row full_width=\u00bbstretch_row\u00bb css=\u00bb.vc_custom_1478525086569{background-image: url(https:\/\/www2.pasoc.pe\/wp-content\/uploads\/2016\/11\/bg-2.jpg?id=499) !important;background-position: 0 0 !important;background-repeat: no-repeat !important;}\u00bb][vc_column][vc_empty_space height=\u00bb3.6em\u00bb alter_height=\u00bbnone\u00bb hide_on_mobile=\u00bb\u00bb]<div  id=\"sc_promo_1598216276\" \n\tclass=\"sc_promo sc_promo_default sc_promo_size_small sc_promo_image_position_right\"><div class=\"sc_promo_image\" style=\"background-image:url(https:\/\/www2.pasoc.pe\/wp-content\/uploads\/2020\/11\/PROPUESTA.jpg);width:50%;right: 0;\"><\/div><div class=\"sc_promo_text\" style=\"width: 50%;float: left;\">\n\t\t\t<div class=\"sc_promo_text_inner\" style=\"\"><h6 class=\"sc_item_subtitle sc_promo_subtitle sc_align_default sc_item_title_style_default\">NUESTRA<\/h6><h2 class=\"sc_item_title sc_promo_title sc_align_default sc_item_title_style_default\">Propuesta de Valor<\/h2><div class=\"sc_item_descr sc_promo_descr sc_align_default\"><p>Somos un Operador Log\u00edstico que provee soluciones integrales en agenciamiento de aduanas, carga, transporte, almacenamiento y asesoramiento en diferentes jurisdicciones del territorio nacional. <\/p>\n\n<p><span style=\"color: #82c241;\"><strong>Tenemos m\u00e1s de 50 a\u00f1os de trayectoria y un s\u00f3lido equipo de profesionales,<\/span><\/strong> complementado por una plataforma tecnol\u00f3gica robusta y flexible.  Decenas de empresas l\u00edderes del pa\u00eds utilizan nuestros servicios y pueden dar fe de la \u00e9tica y garant\u00eda de nuestras soluciones log\u00edsticas. <\/p>\n\n<p>Nos enfocamos en la mejora continua de la calidad y por ello contamos con tres certificaciones:  BASC, ISO 9001 y OEA. <\/p><\/div><div class=\"sc_item_button sc_item_button_accent sc_promo_button sc_align_default sc_button_wrap\"><a href=\"https:\/\/www2.pasoc.pe\/index.php\/contactanos\/\" id=\"sc_button_911566826\" class=\"sc_button sc_button_accent sc_button_size_normal sc_button_icon_left\"><span class=\"sc_button_text\"><span class=\"sc_button_title\">Cont\u00e1ctanos<\/span><\/span><!-- \/.sc_button_text --><\/a><!-- \/.sc_button --><\/div><!-- \/.sc_item_button sc_item_button_accent sc_promo_button sc_align_default -->\t\t\t\t\t\t<div class=\"sc_promo_button sc_align_default sc_button_wrap\">\n\t\t\t\t\t\t\t<a class=\"sc_promo_link2\" href=\"https:\/\/www2.pasoc.pe\/index.php\/services_group\/nuestras-soluciones-logisticas\/\"><span>Nuestros Servicios<\/span><\/a>\n\t\t\t\t\t\t<\/div><\/div>\n\t\t<\/div><!-- \/.sc_promo_text --><\/div><!-- \/.sc_promo -->[vc_empty_space height=\u00bb9.4em\u00bb alter_height=\u00bbnone\u00bb hide_on_mobile=\u00bb\u00bb][\/vc_column][\/vc_row][vc_row full_width=\u00bbstretch_row\u00bb css=\u00bb.vc_custom_1478525255258{background-image: url(https:\/\/www2.pasoc.pe\/wp-content\/uploads\/2016\/11\/bg-3.jpg?id=502) !important;}\u00bb][vc_column][vc_empty_space height=\u00bb11.4em\u00bb alter_height=\u00bbnone\u00bb hide_on_mobile=\u00bb\u00bb][vc_empty_space height=\u00bb3em\u00bb alter_height=\u00bbnone\u00bb hide_on_mobile=\u00bb\u00bb][vc_empty_space height=\u00bb10em\u00bb alter_height=\u00bbnone\u00bb hide_on_mobile=\u00bb\u00bb][\/vc_column][\/vc_row][vc_row][vc_column][vc_empty_space height=\u00bb4.2em\u00bb alter_height=\u00bbnone\u00bb hide_on_mobile=\u00bb\u00bb]<div id=\"sc_title_805867073\"\n\t\tclass=\"sc_title sc_title_default\"><h6 class=\"sc_item_subtitle sc_title_subtitle sc_align_center sc_item_title_style_default\">CLIENTES QUE<\/h6><\/div><!-- \/.sc_title -->[vc_column_text]<\/p>\n<h2 style=\"text-align: center;\">Conf\u00edan en nosotros<\/h2>\n<p>[\/vc_column_text][vc_empty_space height=\u00bb2.2em\u00bb alter_height=\u00bbnone\u00bb hide_on_mobile=\u00bb\u00bb][vc_column_text]<\/p>\n<h2><strong>Automotriz<\/strong><\/h2>\n<p>[\/vc_column_text]<div id=\"widget_slider_1328516300\" class=\"widget_area sc_widget_slider vc_widget_slider wpb_content_element\"><aside id=\"widget_slider_1328516300_widget\" class=\"widget widget_slider\">\t\t\t<div class=\"slider_wrap slider_engine_swiper\">\n\t\t\t\t<div id=\"widget_slider_1328516300_outer\" class=\"slider_swiper_outer slider_style_default slider_outer_nocontrols slider_outer_nopagination slider_outer_titles_center slider_outer_multi\"><div id=\"widget_slider_1328516300_swiper\" class=\"slider_swiper swiper-slider-container slider_nocontrols slider_nopagination slider_titles_center slider_multi slider_noresize slider_height_fixed slider_type_bg\" data-ratio=\"16:9\" data-interval=\"7000\" data-effect=\"slide\" data-pagination=\"bullets\" data-slides-per-view=\"4\" data-slides-space=\"0\" style=\"height:250px;\">\n\t\t\t\t\t\t<div class=\"swiper-wrapper\"><div  class=\"swiper-slide\" data-image=\"https:\/\/www2.pasoc.pe\/wp-content\/uploads\/2020\/12\/motored.png\" style=\"background-image:url(https:\/\/www2.pasoc.pe\/wp-content\/uploads\/2020\/12\/motored.png);\"><\/div><div  class=\"swiper-slide\" data-image=\"https:\/\/www2.pasoc.pe\/wp-content\/uploads\/2020\/11\/FERRERYOS.png\" style=\"background-image:url(https:\/\/www2.pasoc.pe\/wp-content\/uploads\/2020\/11\/FERRERYOS.png);\"><\/div><div  class=\"swiper-slide\" data-image=\"https:\/\/www2.pasoc.pe\/wp-content\/uploads\/2020\/12\/GOODYEARWEB-1.png\" style=\"background-image:url(https:\/\/www2.pasoc.pe\/wp-content\/uploads\/2020\/12\/GOODYEARWEB-1.png);\"><\/div><div  class=\"swiper-slide\" data-image=\"https:\/\/www2.pasoc.pe\/wp-content\/uploads\/2023\/05\/IMPLEMENTOSWEB.png\" style=\"background-image:url(https:\/\/www2.pasoc.pe\/wp-content\/uploads\/2023\/05\/IMPLEMENTOSWEB.png);\"><\/div><div  class=\"swiper-slide\" data-image=\"https:\/\/www2.pasoc.pe\/wp-content\/uploads\/2024\/07\/SAN-BARTOLOME2.png\" style=\"background-image:url(https:\/\/www2.pasoc.pe\/wp-content\/uploads\/2024\/07\/SAN-BARTOLOME2.png);\"><\/div><div  class=\"swiper-slide\" data-image=\"https:\/\/www2.pasoc.pe\/wp-content\/uploads\/2024\/07\/EURO-MOTORS2.png\" style=\"background-image:url(https:\/\/www2.pasoc.pe\/wp-content\/uploads\/2024\/07\/EURO-MOTORS2.png);\"><\/div><\/div><\/div><\/div>\t\t\t<\/div>\n\t\t\t<\/aside><\/div>[vc_column_text]<\/p>\n<h2><strong>Alimentos<\/strong><\/h2>\n<p>[\/vc_column_text]<div id=\"widget_slider_1934721501\" class=\"widget_area sc_widget_slider vc_widget_slider wpb_content_element\"><aside id=\"widget_slider_1934721501_widget\" class=\"widget widget_slider\">\t\t\t<div class=\"slider_wrap slider_engine_swiper\">\n\t\t\t\t<div id=\"widget_slider_1934721501_outer\" class=\"slider_swiper_outer slider_style_default slider_outer_nocontrols slider_outer_nopagination slider_outer_titles_center slider_outer_multi\"><div id=\"widget_slider_1934721501_swiper\" class=\"slider_swiper swiper-slider-container slider_nocontrols slider_nopagination slider_titles_center slider_multi slider_noresize slider_height_fixed slider_type_bg\" data-ratio=\"16:9\" data-interval=\"7000\" data-effect=\"slide\" data-pagination=\"bullets\" data-slides-per-view=\"6\" data-slides-space=\"0\" style=\"height:250px;\">\n\t\t\t\t\t\t<div class=\"swiper-wrapper\"><div  class=\"swiper-slide\" data-image=\"https:\/\/www2.pasoc.pe\/wp-content\/uploads\/2020\/12\/ALICORP.png\" style=\"background-image:url(https:\/\/www2.pasoc.pe\/wp-content\/uploads\/2020\/12\/ALICORP.png);\"><\/div><div  class=\"swiper-slide\" data-image=\"https:\/\/www2.pasoc.pe\/wp-content\/uploads\/2020\/12\/VITAPRO.png\" style=\"background-image:url(https:\/\/www2.pasoc.pe\/wp-content\/uploads\/2020\/12\/VITAPRO.png);\"><\/div><div  class=\"swiper-slide\" data-image=\"https:\/\/www2.pasoc.pe\/wp-content\/uploads\/2020\/12\/LAIVE.png\" style=\"background-image:url(https:\/\/www2.pasoc.pe\/wp-content\/uploads\/2020\/12\/LAIVE.png);\"><\/div><div  class=\"swiper-slide\" data-image=\"https:\/\/www2.pasoc.pe\/wp-content\/uploads\/2020\/12\/oceano.png\" style=\"background-image:url(https:\/\/www2.pasoc.pe\/wp-content\/uploads\/2020\/12\/oceano.png);\"><\/div><div  class=\"swiper-slide\" data-image=\"https:\/\/www2.pasoc.pe\/wp-content\/uploads\/2020\/12\/BIOFRUIT.png\" style=\"background-image:url(https:\/\/www2.pasoc.pe\/wp-content\/uploads\/2020\/12\/BIOFRUIT.png);\"><\/div><div  class=\"swiper-slide\" data-image=\"https:\/\/www2.pasoc.pe\/wp-content\/uploads\/2022\/10\/IBERICAWEB.png\" style=\"background-image:url(https:\/\/www2.pasoc.pe\/wp-content\/uploads\/2022\/10\/IBERICAWEB.png);\"><\/div><div  class=\"swiper-slide\" data-image=\"https:\/\/www2.pasoc.pe\/wp-content\/uploads\/2023\/05\/BIMBOWEB.png\" style=\"background-image:url(https:\/\/www2.pasoc.pe\/wp-content\/uploads\/2023\/05\/BIMBOWEB.png);\"><\/div><div  class=\"swiper-slide\" data-image=\"https:\/\/www2.pasoc.pe\/wp-content\/uploads\/2024\/07\/AJINOMOTO.png\" style=\"background-image:url(https:\/\/www2.pasoc.pe\/wp-content\/uploads\/2024\/07\/AJINOMOTO.png);\"><\/div><div  class=\"swiper-slide\" data-image=\"https:\/\/www2.pasoc.pe\/wp-content\/uploads\/2024\/07\/HEINEKEN2.png\" style=\"background-image:url(https:\/\/www2.pasoc.pe\/wp-content\/uploads\/2024\/07\/HEINEKEN2.png);\"><\/div><\/div><\/div><\/div>\t\t\t<\/div>\n\t\t\t<\/aside><\/div>[vc_column_text]<\/p>\n<h2><strong>Cuidado Personal &amp; Farmac\u00e9utico<\/strong><\/h2>\n<p>[\/vc_column_text]<div id=\"widget_slider_854931507\" class=\"widget_area sc_widget_slider vc_widget_slider wpb_content_element\"><aside id=\"widget_slider_854931507_widget\" class=\"widget widget_slider\">\t\t\t<div class=\"slider_wrap slider_engine_swiper\">\n\t\t\t\t<div id=\"widget_slider_854931507_outer\" class=\"slider_swiper_outer slider_style_default slider_outer_nocontrols slider_outer_nopagination slider_outer_titles_center slider_outer_multi\"><div id=\"widget_slider_854931507_swiper\" class=\"slider_swiper swiper-slider-container slider_nocontrols slider_nopagination slider_titles_center slider_multi slider_noresize slider_height_fixed slider_type_bg\" data-ratio=\"16:9\" data-interval=\"7000\" data-effect=\"slide\" data-pagination=\"bullets\" data-slides-per-view=\"6\" data-slides-space=\"0\" style=\"height:250px;\">\n\t\t\t\t\t\t<div class=\"swiper-wrapper\"><div  class=\"swiper-slide\" data-image=\"https:\/\/www2.pasoc.pe\/wp-content\/uploads\/2020\/12\/ABBOTT.png\" style=\"background-image:url(https:\/\/www2.pasoc.pe\/wp-content\/uploads\/2020\/12\/ABBOTT.png);\"><\/div><div  class=\"swiper-slide\" data-image=\"https:\/\/www2.pasoc.pe\/wp-content\/uploads\/2020\/12\/farmaindustria.png\" style=\"background-image:url(https:\/\/www2.pasoc.pe\/wp-content\/uploads\/2020\/12\/farmaindustria.png);\"><\/div><div  class=\"swiper-slide\" data-image=\"https:\/\/www2.pasoc.pe\/wp-content\/uploads\/2020\/12\/unique-1.png\" style=\"background-image:url(https:\/\/www2.pasoc.pe\/wp-content\/uploads\/2020\/12\/unique-1.png);\"><\/div><div  class=\"swiper-slide\" data-image=\"https:\/\/www2.pasoc.pe\/wp-content\/uploads\/2020\/12\/HERSIL.png\" style=\"background-image:url(https:\/\/www2.pasoc.pe\/wp-content\/uploads\/2020\/12\/HERSIL.png);\"><\/div><div  class=\"swiper-slide\" data-image=\"https:\/\/www2.pasoc.pe\/wp-content\/uploads\/2023\/05\/COVIDIENWEB.png\" style=\"background-image:url(https:\/\/www2.pasoc.pe\/wp-content\/uploads\/2023\/05\/COVIDIENWEB.png);\"><\/div><\/div><\/div><\/div>\t\t\t<\/div>\n\t\t\t<\/aside><\/div>[vc_column_text]<\/p>\n<h2><strong>Acero, Miner\u00eda y Proyectos<\/strong><\/h2>\n<p>[\/vc_column_text]<div id=\"widget_slider_1124838863\" class=\"widget_area sc_widget_slider vc_widget_slider wpb_content_element\"><aside id=\"widget_slider_1124838863_widget\" class=\"widget widget_slider\">\t\t\t<div class=\"slider_wrap slider_engine_swiper\">\n\t\t\t\t<div id=\"widget_slider_1124838863_outer\" class=\"slider_swiper_outer slider_style_default slider_outer_nocontrols slider_outer_nopagination slider_outer_titles_center slider_outer_multi\"><div id=\"widget_slider_1124838863_swiper\" class=\"slider_swiper swiper-slider-container slider_nocontrols slider_nopagination slider_titles_center slider_multi slider_noresize slider_height_fixed slider_type_bg\" data-ratio=\"16:9\" data-interval=\"7000\" data-effect=\"slide\" data-pagination=\"bullets\" data-slides-per-view=\"6\" data-slides-space=\"0\" style=\"height:250px;\">\n\t\t\t\t\t\t<div class=\"swiper-wrapper\"><div  class=\"swiper-slide\" data-image=\"https:\/\/www2.pasoc.pe\/wp-content\/uploads\/2020\/11\/VOLCAN-WEB.png\" style=\"background-image:url(https:\/\/www2.pasoc.pe\/wp-content\/uploads\/2020\/11\/VOLCAN-WEB.png);\"><\/div><div  class=\"swiper-slide\" data-image=\"https:\/\/www2.pasoc.pe\/wp-content\/uploads\/2020\/12\/long.png\" style=\"background-image:url(https:\/\/www2.pasoc.pe\/wp-content\/uploads\/2020\/12\/long.png);\"><\/div><div  class=\"swiper-slide\" data-image=\"https:\/\/www2.pasoc.pe\/wp-content\/uploads\/2020\/12\/FAMESA.png\" style=\"background-image:url(https:\/\/www2.pasoc.pe\/wp-content\/uploads\/2020\/12\/FAMESA.png);\"><\/div><div  class=\"swiper-slide\" data-image=\"https:\/\/www2.pasoc.pe\/wp-content\/uploads\/2020\/12\/transfigura.png\" style=\"background-image:url(https:\/\/www2.pasoc.pe\/wp-content\/uploads\/2020\/12\/transfigura.png);\"><\/div><div  class=\"swiper-slide\" data-image=\"https:\/\/www2.pasoc.pe\/wp-content\/uploads\/2020\/12\/INCABOR.png\" style=\"background-image:url(https:\/\/www2.pasoc.pe\/wp-content\/uploads\/2020\/12\/INCABOR.png);\"><\/div><div  class=\"swiper-slide\" data-image=\"https:\/\/www2.pasoc.pe\/wp-content\/uploads\/2023\/05\/CHUNGARWEB.png\" style=\"background-image:url(https:\/\/www2.pasoc.pe\/wp-content\/uploads\/2023\/05\/CHUNGARWEB.png);\"><\/div><div  class=\"swiper-slide\" data-image=\"https:\/\/www2.pasoc.pe\/wp-content\/uploads\/2023\/05\/ACEROSWEB-1.png\" style=\"background-image:url(https:\/\/www2.pasoc.pe\/wp-content\/uploads\/2023\/05\/ACEROSWEB-1.png);\"><\/div><div  class=\"swiper-slide\" data-image=\"https:\/\/www2.pasoc.pe\/wp-content\/uploads\/2023\/05\/ACCAWEB-1.png\" style=\"background-image:url(https:\/\/www2.pasoc.pe\/wp-content\/uploads\/2023\/05\/ACCAWEB-1.png);\"><\/div><div  class=\"swiper-slide\" data-image=\"https:\/\/www2.pasoc.pe\/wp-content\/uploads\/2023\/05\/ELECNORWEB-1.png\" style=\"background-image:url(https:\/\/www2.pasoc.pe\/wp-content\/uploads\/2023\/05\/ELECNORWEB-1.png);\"><\/div><div  class=\"swiper-slide\" data-image=\"https:\/\/www2.pasoc.pe\/wp-content\/uploads\/2023\/05\/ZINSAWEB.png\" style=\"background-image:url(https:\/\/www2.pasoc.pe\/wp-content\/uploads\/2023\/05\/ZINSAWEB.png);\"><\/div><div  class=\"swiper-slide\" data-image=\"https:\/\/www2.pasoc.pe\/wp-content\/uploads\/2024\/07\/TECNOFIL2.png\" style=\"background-image:url(https:\/\/www2.pasoc.pe\/wp-content\/uploads\/2024\/07\/TECNOFIL2.png);\"><\/div><div  class=\"swiper-slide\" data-image=\"https:\/\/www2.pasoc.pe\/wp-content\/uploads\/2024\/07\/HOUSEMART2.png\" style=\"background-image:url(https:\/\/www2.pasoc.pe\/wp-content\/uploads\/2024\/07\/HOUSEMART2.png);\"><\/div><\/div><\/div><\/div>\t\t\t<\/div>\n\t\t\t<\/aside><\/div>[vc_column_text]<\/p>\n<h2><strong>Textil <\/strong><\/h2>\n<p>[\/vc_column_text]<div id=\"widget_slider_142010724\" class=\"widget_area sc_widget_slider vc_widget_slider wpb_content_element\"><aside id=\"widget_slider_142010724_widget\" class=\"widget widget_slider\">\t\t\t<div class=\"slider_wrap slider_engine_swiper\">\n\t\t\t\t<div id=\"widget_slider_142010724_outer\" class=\"slider_swiper_outer slider_style_default slider_outer_nocontrols slider_outer_nopagination slider_outer_titles_center slider_outer_multi\"><div id=\"widget_slider_142010724_swiper\" class=\"slider_swiper swiper-slider-container slider_nocontrols slider_nopagination slider_titles_center slider_multi slider_noresize slider_height_fixed slider_type_bg\" data-ratio=\"16:9\" data-interval=\"7000\" data-effect=\"slide\" data-pagination=\"bullets\" data-slides-per-view=\"5\" data-slides-space=\"0\" style=\"height:250px;\">\n\t\t\t\t\t\t<div class=\"swiper-wrapper\"><div  class=\"swiper-slide\" data-image=\"https:\/\/www2.pasoc.pe\/wp-content\/uploads\/2021\/01\/NETTALCO.png\" style=\"background-image:url(https:\/\/www2.pasoc.pe\/wp-content\/uploads\/2021\/01\/NETTALCO.png);\"><\/div><div  class=\"swiper-slide\" data-image=\"https:\/\/www2.pasoc.pe\/wp-content\/uploads\/2020\/12\/MICHEELL.png\" style=\"background-image:url(https:\/\/www2.pasoc.pe\/wp-content\/uploads\/2020\/12\/MICHEELL.png);\"><\/div><div  class=\"swiper-slide\" data-image=\"https:\/\/www2.pasoc.pe\/wp-content\/uploads\/2020\/12\/INCA-TOPS.png\" style=\"background-image:url(https:\/\/www2.pasoc.pe\/wp-content\/uploads\/2020\/12\/INCA-TOPS.png);\"><\/div><div  class=\"swiper-slide\" data-image=\"https:\/\/www2.pasoc.pe\/wp-content\/uploads\/2020\/12\/INCATPX.png\" style=\"background-image:url(https:\/\/www2.pasoc.pe\/wp-content\/uploads\/2020\/12\/INCATPX.png);\"><\/div><\/div><\/div><\/div>\t\t\t<\/div>\n\t\t\t<\/aside><\/div>[vc_column_text]<\/p>\n<h2><strong>Tecnolog\u00eda y Telecomunicaciones<\/strong><\/h2>\n<p>[\/vc_column_text]<div id=\"widget_slider_645004044\" class=\"widget_area sc_widget_slider vc_widget_slider wpb_content_element\"><aside id=\"widget_slider_645004044_widget\" class=\"widget widget_slider\">\t\t\t<div class=\"slider_wrap slider_engine_swiper\">\n\t\t\t\t<div id=\"widget_slider_645004044_outer\" class=\"slider_swiper_outer slider_style_default slider_outer_nocontrols slider_outer_nopagination slider_outer_titles_center slider_outer_multi\"><div id=\"widget_slider_645004044_swiper\" class=\"slider_swiper swiper-slider-container slider_nocontrols slider_nopagination slider_titles_center slider_multi slider_noresize slider_height_fixed slider_type_bg\" data-ratio=\"16:9\" data-interval=\"7000\" data-effect=\"slide\" data-pagination=\"bullets\" data-slides-per-view=\"6\" data-slides-space=\"0\" style=\"height:250px;\">\n\t\t\t\t\t\t<div class=\"swiper-wrapper\"><div  class=\"swiper-slide\" data-image=\"https:\/\/www2.pasoc.pe\/wp-content\/uploads\/2020\/12\/SONYC.png\" style=\"background-image:url(https:\/\/www2.pasoc.pe\/wp-content\/uploads\/2020\/12\/SONYC.png);\"><\/div><div  class=\"swiper-slide\" data-image=\"https:\/\/www2.pasoc.pe\/wp-content\/uploads\/2020\/12\/LG.png\" style=\"background-image:url(https:\/\/www2.pasoc.pe\/wp-content\/uploads\/2020\/12\/LG.png);\"><\/div><div  class=\"swiper-slide\" data-image=\"https:\/\/www2.pasoc.pe\/wp-content\/uploads\/2020\/12\/ERICKSON.png\" style=\"background-image:url(https:\/\/www2.pasoc.pe\/wp-content\/uploads\/2020\/12\/ERICKSON.png);\"><\/div><div  class=\"swiper-slide\" data-image=\"https:\/\/www2.pasoc.pe\/wp-content\/uploads\/2020\/11\/ibmweb.png\" style=\"background-image:url(https:\/\/www2.pasoc.pe\/wp-content\/uploads\/2020\/11\/ibmweb.png);\"><\/div><div  class=\"swiper-slide\" data-image=\"https:\/\/www2.pasoc.pe\/wp-content\/uploads\/2022\/10\/PANASONICWEB.png\" style=\"background-image:url(https:\/\/www2.pasoc.pe\/wp-content\/uploads\/2022\/10\/PANASONICWEB.png);\"><\/div><div  class=\"swiper-slide\" data-image=\"https:\/\/www2.pasoc.pe\/wp-content\/uploads\/2024\/07\/HISENSE3.png\" style=\"background-image:url(https:\/\/www2.pasoc.pe\/wp-content\/uploads\/2024\/07\/HISENSE3.png);\"><\/div><\/div><\/div><\/div>\t\t\t<\/div>\n\t\t\t<\/aside><\/div>[vc_column_text]<\/p>\n<h2><strong>Retail y Otros<\/strong><\/h2>\n<p>[\/vc_column_text]<div id=\"widget_slider_677086601\" class=\"widget_area sc_widget_slider vc_widget_slider wpb_content_element\"><aside id=\"widget_slider_677086601_widget\" class=\"widget widget_slider\">\t\t\t<div class=\"slider_wrap slider_engine_swiper\">\n\t\t\t\t<div id=\"widget_slider_677086601_outer\" class=\"slider_swiper_outer slider_style_default slider_outer_nocontrols slider_outer_nopagination slider_outer_titles_center slider_outer_multi\"><div id=\"widget_slider_677086601_swiper\" class=\"slider_swiper swiper-slider-container slider_nocontrols slider_nopagination slider_titles_center slider_multi slider_noresize slider_height_fixed slider_type_bg\" data-ratio=\"16:9\" data-interval=\"7000\" data-effect=\"slide\" data-pagination=\"bullets\" data-slides-per-view=\"6\" data-slides-space=\"0\" style=\"height:250px;\">\n\t\t\t\t\t\t<div class=\"swiper-wrapper\"><div  class=\"swiper-slide\" data-image=\"https:\/\/www2.pasoc.pe\/wp-content\/uploads\/2020\/12\/HEINZGLASS.png\" style=\"background-image:url(https:\/\/www2.pasoc.pe\/wp-content\/uploads\/2020\/12\/HEINZGLASS.png);\"><\/div><div  class=\"swiper-slide\" data-image=\"https:\/\/www2.pasoc.pe\/wp-content\/uploads\/2020\/12\/surpack.png\" style=\"background-image:url(https:\/\/www2.pasoc.pe\/wp-content\/uploads\/2020\/12\/surpack.png);\"><\/div><div  class=\"swiper-slide\" data-image=\"https:\/\/www2.pasoc.pe\/wp-content\/uploads\/2020\/12\/CPPQ.png\" style=\"background-image:url(https:\/\/www2.pasoc.pe\/wp-content\/uploads\/2020\/12\/CPPQ.png);\"><\/div><div  class=\"swiper-slide\" data-image=\"https:\/\/www2.pasoc.pe\/wp-content\/uploads\/2020\/12\/FITESA.png\" style=\"background-image:url(https:\/\/www2.pasoc.pe\/wp-content\/uploads\/2020\/12\/FITESA.png);\"><\/div><div  class=\"swiper-slide\" data-image=\"https:\/\/www2.pasoc.pe\/wp-content\/uploads\/2022\/10\/ISMWEB.png\" style=\"background-image:url(https:\/\/www2.pasoc.pe\/wp-content\/uploads\/2022\/10\/ISMWEB.png);\"><\/div><div  class=\"swiper-slide\" data-image=\"https:\/\/www2.pasoc.pe\/wp-content\/uploads\/2023\/05\/NICOLLWEB.png\" style=\"background-image:url(https:\/\/www2.pasoc.pe\/wp-content\/uploads\/2023\/05\/NICOLLWEB.png);\"><\/div><div  class=\"swiper-slide\" data-image=\"https:\/\/www2.pasoc.pe\/wp-content\/uploads\/2024\/07\/GTM2.png\" style=\"background-image:url(https:\/\/www2.pasoc.pe\/wp-content\/uploads\/2024\/07\/GTM2.png);\"><\/div><div  class=\"swiper-slide\" data-image=\"https:\/\/www2.pasoc.pe\/wp-content\/uploads\/2024\/07\/NOVOPAN2.png\" style=\"background-image:url(https:\/\/www2.pasoc.pe\/wp-content\/uploads\/2024\/07\/NOVOPAN2.png);\"><\/div><div  class=\"swiper-slide\" data-image=\"https:\/\/www2.pasoc.pe\/wp-content\/uploads\/2024\/07\/CORP-LIMATAMBO3.png\" style=\"background-image:url(https:\/\/www2.pasoc.pe\/wp-content\/uploads\/2024\/07\/CORP-LIMATAMBO3.png);\"><\/div><\/div><\/div><\/div>\t\t\t<\/div>\n\t\t\t<\/aside><\/div>[\/vc_column][\/vc_row][vc_row][vc_column][\/vc_column][\/vc_row]<\/p>\n","protected":false},"excerpt":{"rendered":"<p>[vc_row][vc_column][vc_single_image image=\u00bb2021&#8243; img_size=\u00bblarge\u00bb alignment=\u00bbcenter\u00bb][\/vc_column][\/vc_row][vc_row full_width=\u00bbstretch_row\u00bb css=\u00bb.vc_custom_1478525086569{background-image: url(https:\/\/www2.pasoc.pe\/wp-content\/uploads\/2016\/11\/bg-2.jpg?id=499) !important;background-position: 0 0 !important;background-repeat: no-repeat !important;}\u00bb][vc_column][vc_empty_space height=\u00bb3.6em\u00bb alter_height=\u00bbnone\u00bb hide_on_mobile=\u00bb\u00bb][vc_empty_space height=\u00bb9.4em\u00bb alter_height=\u00bbnone\u00bb hide_on_mobile=\u00bb\u00bb][\/vc_column][\/vc_row][vc_row full_width=\u00bbstretch_row\u00bb css=\u00bb.vc_custom_1478525255258{background-image: url(https:\/\/www2.pasoc.pe\/wp-content\/uploads\/2016\/11\/bg-3.jpg?id=502) !important;}\u00bb][vc_column][vc_empty_space height=\u00bb11.4em\u00bb alter_height=\u00bbnone\u00bb hide_on_mobile=\u00bb\u00bb][vc_empty_space height=\u00bb3em\u00bb alter_height=\u00bbnone\u00bb hide_on_mobile=\u00bb\u00bb][vc_empty_space height=\u00bb10em\u00bb alter_height=\u00bbnone\u00bb hide_on_mobile=\u00bb\u00bb][\/vc_column][\/vc_row][vc_row][vc_column][vc_empty_space height=\u00bb4.2em\u00bb alter_height=\u00bbnone\u00bb hide_on_mobile=\u00bb\u00bb][vc_column_text] Conf\u00edan en nosotros [\/vc_column_text][vc_empty_space height=\u00bb2.2em\u00bb alter_height=\u00bbnone\u00bb hide_on_mobile=\u00bb\u00bb][vc_column_text] Automotriz [\/vc_column_text][vc_column_text] Alimentos [\/vc_column_text][vc_column_text] Cuidado Personal &amp; Farmac\u00e9utico [\/vc_column_text][vc_column_text] Acero, Miner\u00eda y Proyectos [\/vc_column_text][vc_column_text] Textil [\/vc_column_text][vc_column_text] Tecnolog\u00eda y&hellip;<\/p>\n","protected":false},"author":1,"featured_media":0,"parent":0,"menu_order":0,"comment_status":"closed","ping_status":"closed","template":"","meta":[],"_links":{"self":[{"href":"https:\/\/www2.pasoc.pe\/index.php\/wp-json\/wp\/v2\/pages\/17"}],"collection":[{"href":"https:\/\/www2.pasoc.pe\/index.php\/wp-json\/wp\/v2\/pages"}],"about":[{"href":"https:\/\/www2.pasoc.pe\/index.php\/wp-json\/wp\/v2\/types\/page"}],"author":[{"embeddable":true,"href":"https:\/\/www2.pasoc.pe\/index.php\/wp-json\/wp\/v2\/users\/1"}],"replies":[{"embeddable":true,"href":"https:\/\/www2.pasoc.pe\/index.php\/wp-json\/wp\/v2\/comments?post=17"}],"version-history":[{"count":76,"href":"https:\/\/www2.pasoc.pe\/index.php\/wp-json\/wp\/v2\/pages\/17\/revisions"}],"predecessor-version":[{"id":3988,"href":"https:\/\/www2.pasoc.pe\/index.php\/wp-json\/wp\/v2\/pages\/17\/revisions\/3988"}],"wp:attachment":[{"href":"https:\/\/www2.pasoc.pe\/index.php\/wp-json\/wp\/v2\/media?parent=17"}],"curies":[{"name":"wp","href":"https:\/\/api.w.org\/{rel}","templated":true}]}}